{"id":1793,"date":"2022-06-30T08:53:24","date_gmt":"2022-06-30T08:53:24","guid":{"rendered":"https:\/\/www.hausmeisterservice-knothe.de\/?page_id=1793"},"modified":"2023-09-14T07:08:10","modified_gmt":"2023-09-14T07:08:10","slug":"vorteile","status":"publish","type":"page","link":"https:\/\/www.hausmeisterservice-knothe.de\/?page_id=1793","title":{"rendered":"Wieso Sie sich f\u00fcr uns entscheiden sollten!"},"content":{"rendered":"\n<p><strong>Tranzparenz liegt uns sehr am Herzen<\/strong>!<\/p>\n\n\n\n<ul><li>Alle unsere Fahrzeuge verf\u00fcgen dank neuster Technologie \u00fcber GPS-Tracker. Dadurch k\u00f6nnen wir Sie als Kunde noch besser \u00fcber Arbeitszeiten, Ankuftszeiten und auch \u00fcber durchgef\u00fchrte Arbeiten informieren. So k\u00f6nnen wir minutengenau abrechnen und Ihnen vollumf\u00e4nglich darstellen, wann wir wo f\u00fcr Sie im Einsatz waren.<ul><li>Dies ist grunds\u00e4tzlich, aber vor allem auch im Winterdienst von absulter Wichtigkeit, da wir in diesem Gewerk die Pflicht haben, unsere Arbeiten f\u00fcr die Verkehrssicherungspflicht nachzuweisen.<\/li><li>Auch im Intervall, also den wiederkehrenden Arbeiten wie der Unterhaltsreinigung oder der Gr\u00fcnpflege k\u00f6nnen wir hier den direkten Nachweis f\u00fcr Sie und Ihre Kunden bringen.<\/li><\/ul><\/li><\/ul>\n\n\n\n<figure class=\"wp-block-image size-large is-style-rounded\"><img decoding=\"async\" loading=\"lazy\" width=\"1024\" height=\"574\" src=\"https:\/\/www.hausmeisterservice-knothe.de\/wp-content\/uploads\/2022\/06\/Screenshot-2022-06-30-111555-1024x574.jpg\" alt=\"\" class=\"wp-image-1801\" srcset=\"https:\/\/www.hausmeisterservice-knothe.de\/wp-content\/uploads\/2022\/06\/Screenshot-2022-06-30-111555-1024x574.jpg 1024w, https:\/\/www.hausmeisterservice-knothe.de\/wp-content\/uploads\/2022\/06\/Screenshot-2022-06-30-111555-300x168.jpg 300w, https:\/\/www.hausmeisterservice-knothe.de\/wp-content\/uploads\/2022\/06\/Screenshot-2022-06-30-111555-768x431.jpg 768w, https:\/\/www.hausmeisterservice-knothe.de\/wp-content\/uploads\/2022\/06\/Screenshot-2022-06-30-111555-720x405.jpg 720w, https:\/\/www.hausmeisterservice-knothe.de\/wp-content\/uploads\/2022\/06\/Screenshot-2022-06-30-111555.jpg 1514w\" sizes=\"(max-width: 767px) 89vw, (max-width: 1000px) 54vw, (max-width: 1071px) 543px, 580px\" \/><\/figure>\n\n\n\n<ul><li>Unsere Arbeitszeiten sind jederzeit digital abrufbar. Somit sehen wir zu jeder Zeit welchen Zeitumfang wir f\u00fcr Ihre Baustelle ben\u00f6tigt haben.<ul><li>Sind wir im Soll, was die Absprache angeht? Das kontrollieren wir t\u00e4glich f\u00fcr Sie!<\/li><\/ul><\/li><\/ul>\n\n\n\n<figure class=\"wp-block-image size-full is-style-rounded\"><img decoding=\"async\" loading=\"lazy\" width=\"438\" height=\"623\" src=\"https:\/\/www.hausmeisterservice-knothe.de\/wp-content\/uploads\/2022\/06\/Screenshot-2022-06-30-113144.jpg\" alt=\"\" class=\"wp-image-1802\" srcset=\"https:\/\/www.hausmeisterservice-knothe.de\/wp-content\/uploads\/2022\/06\/Screenshot-2022-06-30-113144.jpg 438w, https:\/\/www.hausmeisterservice-knothe.de\/wp-content\/uploads\/2022\/06\/Screenshot-2022-06-30-113144-211x300.jpg 211w\" sizes=\"(max-width: 438px) 100vw, 438px\" \/><\/figure>\n\n\n\n<ul><li>Wir schlie\u00dfen unsere Baustelle t\u00e4glich mit Fotos unserer Arbeiten ab. Somit haben wir die M\u00f6glichkeit Ihnen den Baufortschritt t\u00e4glich zur Verf\u00fcgung zu stellen, wenn Sie dies w\u00fcnschen. Das macht vor allem die Umsetzungen viel einfacher, wenn Sie nicht die M\u00f6glichkeit haben, die Baustelle mehrmals w\u00f6chentlich zu besuchen.<ul><li>Sie k\u00f6nnen also jederzeit, mit jedem Mitarbeiter \u00fcber den Stand der Dinge sprechen &#8211; wir wissen genau, was aktuell passiert.<\/li><\/ul><\/li><\/ul>\n\n\n\n<figure class=\"wp-block-image size-full is-style-rounded\"><img decoding=\"async\" loading=\"lazy\" width=\"449\" height=\"829\" src=\"https:\/\/www.hausmeisterservice-knothe.de\/wp-content\/uploads\/2022\/06\/Screenshot-2022-06-30-113614-2.jpg\" alt=\"\" class=\"wp-image-1806\" srcset=\"https:\/\/www.hausmeisterservice-knothe.de\/wp-content\/uploads\/2022\/06\/Screenshot-2022-06-30-113614-2.jpg 449w, https:\/\/www.hausmeisterservice-knothe.de\/wp-content\/uploads\/2022\/06\/Screenshot-2022-06-30-113614-2-162x300.jpg 162w\" sizes=\"(max-width: 449px) 100vw, 449px\" \/><\/figure>\n","protected":false},"excerpt":{"rendered":"<p>Tranzparenz liegt uns sehr am Herzen! Alle unsere Fahrzeuge verf\u00fcgen dank neuster Technologie \u00fcber GPS-Tracker. Dadurch k\u00f6nnen wir Sie als Kunde noch besser \u00fcber Arbeitszeiten, Ankuftszeiten und auch \u00fcber durchgef\u00fchrte Arbeiten informieren. So k\u00f6nnen wir minutengenau abrechnen und Ihnen vollumf\u00e4nglich darstellen, wann wir wo f\u00fcr Sie im Einsatz waren. Dies ist grunds\u00e4tzlich, aber vor allem &hellip; <\/p>\n<p class=\"link-more\"><a href=\"https:\/\/www.hausmeisterservice-knothe.de\/?page_id=1793\" class=\"more-link\"><span class=\"screen-reader-text\">\u201eWieso Sie sich f\u00fcr uns entscheiden sollten!\u201c<\/span> weiterlesen<\/a><\/p>\n","protected":false},"author":1,"featured_media":0,"parent":0,"menu_order":0,"comment_status":"closed","ping_status":"closed","template":"","meta":{"_eb_attr":""},"_links":{"self":[{"href":"https:\/\/www.hausmeisterservice-knothe.de\/index.php?rest_route=\/wp\/v2\/pages\/1793"}],"collection":[{"href":"https:\/\/www.hausmeisterservice-knothe.de\/index.php?rest_route=\/wp\/v2\/pages"}],"about":[{"href":"https:\/\/www.hausmeisterservice-knothe.de\/index.php?rest_route=\/wp\/v2\/types\/page"}],"author":[{"embeddable":true,"href":"https:\/\/www.hausmeisterservice-knothe.de\/index.php?rest_route=\/wp\/v2\/users\/1"}],"replies":[{"embeddable":true,"href":"https:\/\/www.hausmeisterservice-knothe.de\/index.php?rest_route=%2Fwp%2Fv2%2Fcomments&post=1793"}],"version-history":[{"count":6,"href":"https:\/\/www.hausmeisterservice-knothe.de\/index.php?rest_route=\/wp\/v2\/pages\/1793\/revisions"}],"predecessor-version":[{"id":2086,"href":"https:\/\/www.hausmeisterservice-knothe.de\/index.php?rest_route=\/wp\/v2\/pages\/1793\/revisions\/2086"}],"wp:attachment":[{"href":"https:\/\/www.hausmeisterservice-knothe.de\/index.php?rest_route=%2Fwp%2Fv2%2Fmedia&parent=1793"}],"curies":[{"name":"wp","href":"https:\/\/api.w.org\/{rel}","templated":true}]}}