{"id":981,"date":"2020-07-28T10:05:51","date_gmt":"2020-07-28T10:05:51","guid":{"rendered":"https:\/\/www.hausmeisterservice-knothe.de\/?page_id=981"},"modified":"2026-02-19T15:04:50","modified_gmt":"2026-02-19T15:04:50","slug":"ueber-uns","status":"publish","type":"page","link":"https:\/\/www.hausmeisterservice-knothe.de\/","title":{"rendered":"Herzlich Willkommen in Geseke!"},"content":{"rendered":"\n<p>Ob Winterdienst, Gr\u00fcnpflege, Reinigung oder Handwerk. <\/p>\n\n\n\n<p>Mit \u00fcber 30 engagierten Mitarbeitern sorgen wir t\u00e4glich f\u00fcr reibungslose Abl\u00e4ufe, perfekte Au\u00dfenanlagen und zufriedene Kunden \u2013 zuverl\u00e4ssig, flexibel und mit Liebe zum Detail.<\/p>\n","protected":false},"excerpt":{"rendered":"<p>Ob Winterdienst, Gr\u00fcnpflege, Reinigung oder Handwerk. Mit \u00fcber 30 engagierten Mitarbeitern sorgen wir t\u00e4glich f\u00fcr reibungslose Abl\u00e4ufe, perfekte Au\u00dfenanlagen und zufriedene Kunden \u2013 zuverl\u00e4ssig, flexibel und mit Liebe zum Detail.<\/p>\n","protected":false},"author":1,"featured_media":0,"parent":0,"menu_order":0,"comment_status":"closed","ping_status":"closed","template":"","meta":{"_eb_attr":""},"_links":{"self":[{"href":"https:\/\/www.hausmeisterservice-knothe.de\/index.php?rest_route=\/wp\/v2\/pages\/981"}],"collection":[{"href":"https:\/\/www.hausmeisterservice-knothe.de\/index.php?rest_route=\/wp\/v2\/pages"}],"about":[{"href":"https:\/\/www.hausmeisterservice-knothe.de\/index.php?rest_route=\/wp\/v2\/types\/page"}],"author":[{"embeddable":true,"href":"https:\/\/www.hausmeisterservice-knothe.de\/index.php?rest_route=\/wp\/v2\/users\/1"}],"replies":[{"embeddable":true,"href":"https:\/\/www.hausmeisterservice-knothe.de\/index.php?rest_route=%2Fwp%2Fv2%2Fcomments&post=981"}],"version-history":[{"count":58,"href":"https:\/\/www.hausmeisterservice-knothe.de\/index.php?rest_route=\/wp\/v2\/pages\/981\/revisions"}],"predecessor-version":[{"id":2231,"href":"https:\/\/www.hausmeisterservice-knothe.de\/index.php?rest_route=\/wp\/v2\/pages\/981\/revisions\/2231"}],"wp:attachment":[{"href":"https:\/\/www.hausmeisterservice-knothe.de\/index.php?rest_route=%2Fwp%2Fv2%2Fmedia&parent=981"}],"curies":[{"name":"wp","href":"https:\/\/api.w.org\/{rel}","templated":true}]}}